{"id":7775,"date":"2020-02-07T16:24:11","date_gmt":"2020-02-07T16:24:11","guid":{"rendered":"https:\/\/connociam.com\/connociams-blog\/"},"modified":"2022-03-21T10:00:21","modified_gmt":"2022-03-21T10:00:21","slug":"connociams-blog","status":"publish","type":"page","link":"https:\/\/connociam.com\/en\/connociams-blog\/","title":{"rendered":"Connociam&#8217;s Blog"},"content":{"rendered":"<p>[et_pb_section fb_built=&#8221;1&#8243; disabled_on=&#8221;off|off|off&#8221; admin_label=&#8221;Blog &#8221; _builder_version=&#8221;3.22&#8243; custom_padding=&#8221;||110px|&#8221; collapsed=&#8221;off&#8221; global_colors_info=&#8221;{}&#8221;][et_pb_row _builder_version=&#8221;4.8.2&#8243; _module_preset=&#8221;default&#8221; global_colors_info=&#8221;{}&#8221;][et_pb_column type=&#8221;4_4&#8243; _builder_version=&#8221;4.8.2&#8243; _module_preset=&#8221;default&#8221; global_colors_info=&#8221;{}&#8221;][et_pb_search exclude_pages=&#8221;on&#8221; exclude_posts=&#8221;on&#8221; button_color=&#8221;#007dd7&#8243; placeholder_color=&#8221;#007dd7&#8243; _builder_version=&#8221;4.8.2&#8243; _module_preset=&#8221;default&#8221; form_field_text_color=&#8221;#007dd7&#8243; form_field_focus_text_color=&#8221;#007dd7&#8243; button_font=&#8221;|700|||||||&#8221; button_text_color=&#8221;#FFFFFF&#8221; button_font_size=&#8221;16px&#8221; form_field_font_size=&#8221;16px&#8221; global_colors_info=&#8221;{}&#8221;][\/et_pb_search][\/et_pb_column][\/et_pb_row][et_pb_row column_structure=&#8221;3_4,1_4&#8243; use_custom_gutter=&#8221;on&#8221; gutter_width=&#8221;2&#8243; make_equal=&#8221;on&#8221; _builder_version=&#8221;4.3.1&#8243; width=&#8221;100%&#8221; max_width=&#8221;95%&#8221; use_custom_width=&#8221;on&#8221; custom_width_px=&#8221;1440px&#8221; global_colors_info=&#8221;{}&#8221;][et_pb_column type=&#8221;3_4&#8243; _builder_version=&#8221;3.25&#8243; custom_padding=&#8221;|||&#8221; global_colors_info=&#8221;{}&#8221; custom_padding__hover=&#8221;|||&#8221;][et_pb_blog fullwidth=&#8221;off&#8221; posts_number=&#8221;12&#8243; include_categories=&#8221;all&#8221; excerpt_length=&#8221;200&#8243; show_categories=&#8221;off&#8221; use_overlay=&#8221;on&#8221; overlay_icon_color=&#8221;#007dd7&#8243; masonry_tile_background_color=&#8221;#ffffff&#8221; _builder_version=&#8221;4.11.0&#8243; header_font=&#8221;Roboto|||on|&#8221; header_text_color=&#8221;#007dd7&#8243; header_font_size=&#8221;20px&#8221; header_line_height=&#8221;1.4em&#8221; body_font=&#8221;Lato||||||||&#8221; body_line_height=&#8221;1.8em&#8221; meta_text_color=&#8221;#007dd7&#8243; pagination_font=&#8221;|700||on|||||&#8221; pagination_text_color=&#8221;#ffb50007DD7&#8243; pagination_font_size=&#8221;16px&#8221; pagination_letter_spacing=&#8221;4px&#8221; hover_enabled=&#8221;0&#8243; border_width_all=&#8221;0px&#8221; border_color_all=&#8221;#efefef&#8221; border_width_all_fullwidth=&#8221;1px&#8221; border_color_all_fullwidth=&#8221;#efefef&#8221; use_border_color=&#8221;on&#8221; global_colors_info=&#8221;{}&#8221; sticky_enabled=&#8221;0&#8243;][\/et_pb_blog][\/et_pb_column][et_pb_column type=&#8221;1_4&#8243; _builder_version=&#8221;3.25&#8243; custom_padding=&#8221;|||&#8221; global_colors_info=&#8221;{}&#8221; custom_padding__hover=&#8221;|||&#8221;][et_pb_cta title=&#8221;Subscribe to the Connociam blog newsletter!&#8221; button_url=&#8221;https:\/\/connociam.com\/en\/subscription-newsletter\/&#8221; button_text=&#8221;Suscribe!&#8221; disabled_on=&#8221;on|off|off&#8221; _builder_version=&#8221;4.8.2&#8243; _module_preset=&#8221;default&#8221; header_font=&#8221;|600|||||||&#8221; header_font_size=&#8221;23px&#8221; body_font_size=&#8221;15px&#8221; sticky_position=&#8221;top&#8221; sticky_limit_bottom=&#8221;row&#8221; saved_tabs=&#8221;all&#8221; global_colors_info=&#8221;{}&#8221;]<\/p>\n<p>En nuestro blog combinamos art\u00edculos de actualidad con otros de fondo, sobre innovaci\u00f3n, la transformaci\u00f3n digital y el marketing.<\/p>\n<p>[\/et_pb_cta][\/et_pb_column][\/et_pb_row][\/et_pb_section][et_pb_section fb_built=&#8221;1&#8243; _builder_version=&#8221;4.7.4&#8243; _module_preset=&#8221;default&#8221; background_image=&#8221;https:\/\/connociam.com\/wp-content\/uploads\/2020\/06\/cd-como-scaled.jpg&#8221; global_colors_info=&#8221;{}&#8221;][et_pb_row _builder_version=&#8221;4.7.4&#8243; _module_preset=&#8221;default&#8221; background_enable_image=&#8221;off&#8221; global_colors_info=&#8221;{}&#8221;][et_pb_column type=&#8221;4_4&#8243; _builder_version=&#8221;4.7.4&#8243; _module_preset=&#8221;default&#8221; global_colors_info=&#8221;{}&#8221;][et_pb_cta title=&#8221;Subscribe to the Connociam blog newsletter!&#8221; button_url=&#8221;https:\/\/connociam.com\/en\/subscription-newsletter\/&#8221; button_text=&#8221;Suscribe!&#8221; disabled_on=&#8221;on|off|off&#8221; _builder_version=&#8221;4.8.2&#8243; _module_preset=&#8221;default&#8221; header_font=&#8221;|600|||||||&#8221; header_font_size=&#8221;23px&#8221; body_font_size=&#8221;15px&#8221; sticky_position=&#8221;top&#8221; sticky_limit_bottom=&#8221;row&#8221; saved_tabs=&#8221;all&#8221; global_colors_info=&#8221;{}&#8221;]<\/p>\n<p>En nuestro blog combinamos art\u00edculos de actualidad con otros de fondo, sobre innovaci\u00f3n, la transformaci\u00f3n digital y el marketing.<\/p>\n<p>[\/et_pb_cta][\/et_pb_column][\/et_pb_row][\/et_pb_section][et_pb_section fb_built=&#8221;1&#8243; _builder_version=&#8221;4.0.9&#8243; background_color=&#8221;#333333&#8243; background_enable_image=&#8221;off&#8221; locked=&#8221;off&#8221; global_colors_info=&#8221;{}&#8221;][et_pb_row column_structure=&#8221;3_5,1_5,1_5&#8243; use_custom_gutter=&#8221;on&#8221; make_equal=&#8221;on&#8221; _builder_version=&#8221;4.0.9&#8243; width=&#8221;90%&#8221; max_width=&#8221;100%&#8221; global_colors_info=&#8221;{}&#8221;][et_pb_column type=&#8221;3_5&#8243; _builder_version=&#8221;3.29.3&#8243; global_colors_info=&#8221;{}&#8221;][et_pb_image src=&#8221;https:\/\/connociam.com\/wp-content\/uploads\/2020\/02\/connociam-\u2014-Logo-Blanc-1.png&#8221; align_tablet=&#8221;&#8221; align_phone=&#8221;&#8221; align_last_edited=&#8221;on|tablet&#8221; _builder_version=&#8221;4.0.9&#8243; width=&#8221;45%&#8221; custom_margin=&#8221;||8px|||&#8221; global_colors_info=&#8221;{}&#8221;][\/et_pb_image][et_pb_text _builder_version=&#8221;3.29.3&#8243; text_font=&#8221;Assistant|300|||||||&#8221; text_text_color=&#8221;#ffffff&#8221; text_font_size=&#8221;40px&#8221; text_line_height=&#8221;1em&#8221; header_2_text_color=&#8221;#ffffff&#8221; header_2_font_size=&#8221;34px&#8221; header_3_font=&#8221;Assistant||||||||&#8221; header_3_text_color=&#8221;#ffffff&#8221; header_3_font_size=&#8221;24px&#8221; max_width=&#8221;100%&#8221; custom_margin=&#8221;16px||-1px|||&#8221; global_colors_info=&#8221;{}&#8221;]<\/p>\n<h3>We know, we connect, we cocreate <\/h3>\n<p>[\/et_pb_text][et_pb_text _builder_version=&#8221;3.29.3&#8243; text_font=&#8221;Assistant|300|||||||&#8221; text_text_color=&#8221;#ffffff&#8221; text_font_size=&#8221;35px&#8221; text_line_height=&#8221;1em&#8221; header_font=&#8221;Assistant||||||||&#8221; header_2_text_color=&#8221;#ffffff&#8221; header_2_font_size=&#8221;34px&#8221; header_3_font=&#8221;Assistant||||||||&#8221; header_3_text_color=&#8221;#ffffff&#8221; header_3_font_size=&#8221;23px&#8221; max_width=&#8221;100%&#8221; global_colors_info=&#8221;{}&#8221;]<\/p>\n<h3>and accompany in value creation<\/h3>\n<p>[\/et_pb_text][\/et_pb_column][et_pb_column type=&#8221;1_5&#8243; _builder_version=&#8221;3.29.3&#8243; global_colors_info=&#8221;{}&#8221;][et_pb_text disabled_on=&#8221;off|off|off&#8221; _builder_version=&#8221;4.7.4&#8243; header_2_font=&#8221;|700|||||||&#8221; header_2_text_color=&#8221;#ffffff&#8221; global_colors_info=&#8221;{}&#8221;]<\/p>\n<h2>Members of:<\/h2>\n<p>[\/et_pb_text][et_pb_image src=&#8221;https:\/\/connociam.com\/wp-content\/uploads\/2020\/12\/logo.png&#8221; title_text=&#8221;logo&#8221; _builder_version=&#8221;4.7.4&#8243; _module_preset=&#8221;default&#8221; global_colors_info=&#8221;{}&#8221;][\/et_pb_image][\/et_pb_column][et_pb_column type=&#8221;1_5&#8243; _builder_version=&#8221;3.29.3&#8243; global_colors_info=&#8221;{}&#8221;][et_pb_text _builder_version=&#8221;4.7.4&#8243; text_text_color=&#8221;#ffffff&#8221; header_2_font=&#8221;|700|||||||&#8221; header_2_text_color=&#8221;#ffffff&#8221; width=&#8221;100%&#8221; global_colors_info=&#8221;{}&#8221;]<\/p>\n<h2>Contact<\/h2>\n<p><span>Sant Pau Recinte Modernista Barcelona. Pabell\u00f3n Sant Manel. Despacho 0.4<\/span><br \/><span>C\/Sant Antoni Mar\u00eda Claret 167<\/span><br \/><span>08025 Barcelona<\/span><\/p>\n<p><span style=\"font-family: inherit; font-weight: normal; font-size: medium;\">+34 934 155 222<\/span><br \/> <a href=\"mailto:info@connociam.com?Subject=Hello%20again\" target=\"_top\" rel=\"noopener noreferrer\">info@connociam.com<\/a><\/p>\n<p>[\/et_pb_text][\/et_pb_column][\/et_pb_row][\/et_pb_section]<\/p>\n","protected":false},"excerpt":{"rendered":"<p>En nuestro blog combinamos art\u00edculos de actualidad con otros de fondo, sobre innovaci\u00f3n, la transformaci\u00f3n digital y el marketing.En nuestro blog combinamos art\u00edculos de actualidad con otros de fondo, sobre innovaci\u00f3n, la transformaci\u00f3n digital y el marketing.We know, we connect, we cocreate and accompany in value creationMembers of:Contact Sant Pau Recinte Modernista Barcelona. Pabell\u00f3n Sant [&hellip;]<\/p>\n","protected":false},"author":11,"featured_media":0,"parent":0,"menu_order":0,"comment_status":"closed","ping_status":"closed","template":"","meta":{"_et_pb_use_builder":"on","_et_pb_old_content":"","_et_gb_content_width":""},"yoast_head":"<!-- This site is optimized with the Yoast SEO plugin v17.2.1 - https:\/\/yoast.com\/wordpress\/plugins\/seo\/ -->\n<title>Connociam&#039;s Blog - CONNOCIAM<\/title>\n<meta name=\"robots\" content=\"index, follow, max-snippet:-1, max-image-preview:large, max-video-preview:-1\" \/>\n<link rel=\"canonical\" href=\"https:\/\/connociam.com\/en\/connociams-blog\/\" \/>\n<meta property=\"og:locale\" content=\"en_US\" \/>\n<meta property=\"og:type\" content=\"article\" \/>\n<meta property=\"og:title\" content=\"Connociam&#039;s Blog - CONNOCIAM\" \/>\n<meta property=\"og:description\" content=\"En nuestro blog combinamos art\u00edculos de actualidad con otros de fondo, sobre innovaci\u00f3n, la transformaci\u00f3n digital y el marketing.En nuestro blog combinamos art\u00edculos de actualidad con otros de fondo, sobre innovaci\u00f3n, la transformaci\u00f3n digital y el marketing.We know, we connect, we cocreate and accompany in value creationMembers of:Contact Sant Pau Recinte Modernista Barcelona. Pabell\u00f3n Sant [&hellip;]\" \/>\n<meta property=\"og:url\" content=\"https:\/\/connociam.com\/en\/connociams-blog\/\" \/>\n<meta property=\"og:site_name\" content=\"CONNOCIAM\" \/>\n<meta property=\"article:modified_time\" content=\"2022-03-21T10:00:21+00:00\" \/>\n<meta property=\"og:image\" content=\"https:\/\/connociam.com\/wp-content\/uploads\/2015\/08\/attachment.png\" \/>\n\t<meta property=\"og:image:width\" content=\"3543\" \/>\n\t<meta property=\"og:image:height\" content=\"1063\" \/>\n<meta name=\"twitter:label1\" content=\"Est. reading time\" \/>\n\t<meta name=\"twitter:data1\" content=\"4 minutes\" \/>\n<script type=\"application\/ld+json\" class=\"yoast-schema-graph\">{\"@context\":\"https:\/\/schema.org\",\"@graph\":[{\"@type\":\"WebSite\",\"@id\":\"https:\/\/connociam.com\/#website\",\"url\":\"https:\/\/connociam.com\/\",\"name\":\"CONNOCIAM\",\"description\":\"Marketing, innovation and commercial strategy\",\"potentialAction\":[{\"@type\":\"SearchAction\",\"target\":{\"@type\":\"EntryPoint\",\"urlTemplate\":\"https:\/\/connociam.com\/?s={search_term_string}\"},\"query-input\":\"required name=search_term_string\"}],\"inLanguage\":\"en-US\"},{\"@type\":\"WebPage\",\"@id\":\"https:\/\/connociam.com\/en\/connociams-blog\/#webpage\",\"url\":\"https:\/\/connociam.com\/en\/connociams-blog\/\",\"name\":\"Connociam's Blog - CONNOCIAM\",\"isPartOf\":{\"@id\":\"https:\/\/connociam.com\/#website\"},\"datePublished\":\"2020-02-07T16:24:11+00:00\",\"dateModified\":\"2022-03-21T10:00:21+00:00\",\"breadcrumb\":{\"@id\":\"https:\/\/connociam.com\/en\/connociams-blog\/#breadcrumb\"},\"inLanguage\":\"en-US\",\"potentialAction\":[{\"@type\":\"ReadAction\",\"target\":[\"https:\/\/connociam.com\/en\/connociams-blog\/\"]}]},{\"@type\":\"BreadcrumbList\",\"@id\":\"https:\/\/connociam.com\/en\/connociams-blog\/#breadcrumb\",\"itemListElement\":[{\"@type\":\"ListItem\",\"position\":1,\"name\":\"Home\",\"item\":\"https:\/\/connociam.com\/en\/\"},{\"@type\":\"ListItem\",\"position\":2,\"name\":\"Connociam&#8217;s Blog\"}]}]}<\/script>\n<!-- \/ Yoast SEO plugin. -->","yoast_head_json":{"title":"Connociam's Blog - CONNOCIAM","robots":{"index":"index","follow":"follow","max-snippet":"max-snippet:-1","max-image-preview":"max-image-preview:large","max-video-preview":"max-video-preview:-1"},"canonical":"https:\/\/connociam.com\/en\/connociams-blog\/","og_locale":"en_US","og_type":"article","og_title":"Connociam's Blog - CONNOCIAM","og_description":"En nuestro blog combinamos art\u00edculos de actualidad con otros de fondo, sobre innovaci\u00f3n, la transformaci\u00f3n digital y el marketing.En nuestro blog combinamos art\u00edculos de actualidad con otros de fondo, sobre innovaci\u00f3n, la transformaci\u00f3n digital y el marketing.We know, we connect, we cocreate and accompany in value creationMembers of:Contact Sant Pau Recinte Modernista Barcelona. Pabell\u00f3n Sant [&hellip;]","og_url":"https:\/\/connociam.com\/en\/connociams-blog\/","og_site_name":"CONNOCIAM","article_modified_time":"2022-03-21T10:00:21+00:00","og_image":[{"width":3543,"height":1063,"url":"https:\/\/connociam.com\/wp-content\/uploads\/2015\/08\/attachment.png","path":"\/homepages\/12\/d929929839\/htdocs\/connociam.com\/wp-content\/uploads\/2015\/08\/attachment.png","size":"full","id":935,"alt":"","pixels":3766209,"type":"image\/png"}],"twitter_misc":{"Est. reading time":"4 minutes"},"schema":{"@context":"https:\/\/schema.org","@graph":[{"@type":"WebSite","@id":"https:\/\/connociam.com\/#website","url":"https:\/\/connociam.com\/","name":"CONNOCIAM","description":"Marketing, innovation and commercial strategy","potentialAction":[{"@type":"SearchAction","target":{"@type":"EntryPoint","urlTemplate":"https:\/\/connociam.com\/?s={search_term_string}"},"query-input":"required name=search_term_string"}],"inLanguage":"en-US"},{"@type":"WebPage","@id":"https:\/\/connociam.com\/en\/connociams-blog\/#webpage","url":"https:\/\/connociam.com\/en\/connociams-blog\/","name":"Connociam's Blog - CONNOCIAM","isPartOf":{"@id":"https:\/\/connociam.com\/#website"},"datePublished":"2020-02-07T16:24:11+00:00","dateModified":"2022-03-21T10:00:21+00:00","breadcrumb":{"@id":"https:\/\/connociam.com\/en\/connociams-blog\/#breadcrumb"},"inLanguage":"en-US","potentialAction":[{"@type":"ReadAction","target":["https:\/\/connociam.com\/en\/connociams-blog\/"]}]},{"@type":"BreadcrumbList","@id":"https:\/\/connociam.com\/en\/connociams-blog\/#breadcrumb","itemListElement":[{"@type":"ListItem","position":1,"name":"Home","item":"https:\/\/connociam.com\/en\/"},{"@type":"ListItem","position":2,"name":"Connociam&#8217;s Blog"}]}]}},"_links":{"self":[{"href":"https:\/\/connociam.com\/en\/wp-json\/wp\/v2\/pages\/7775"}],"collection":[{"href":"https:\/\/connociam.com\/en\/wp-json\/wp\/v2\/pages"}],"about":[{"href":"https:\/\/connociam.com\/en\/wp-json\/wp\/v2\/types\/page"}],"author":[{"embeddable":true,"href":"https:\/\/connociam.com\/en\/wp-json\/wp\/v2\/users\/11"}],"replies":[{"embeddable":true,"href":"https:\/\/connociam.com\/en\/wp-json\/wp\/v2\/comments?post=7775"}],"version-history":[{"count":32,"href":"https:\/\/connociam.com\/en\/wp-json\/wp\/v2\/pages\/7775\/revisions"}],"predecessor-version":[{"id":14752,"href":"https:\/\/connociam.com\/en\/wp-json\/wp\/v2\/pages\/7775\/revisions\/14752"}],"wp:attachment":[{"href":"https:\/\/connociam.com\/en\/wp-json\/wp\/v2\/media?parent=7775"}],"curies":[{"name":"wp","href":"https:\/\/api.w.org\/{rel}","templated":true}]}}